{"id":367,"date":"2020-10-26T18:34:49","date_gmt":"2020-10-26T17:34:49","guid":{"rendered":"http:\/\/therapiestudio-solingen.de\/?page_id=367"},"modified":"2020-10-31T17:18:27","modified_gmt":"2020-10-31T16:18:27","slug":"online-angebote","status":"publish","type":"page","link":"https:\/\/therapiestudio-solingen.de\/index.php\/online-angebote\/","title":{"rendered":"Online-Angebote"},"content":{"rendered":"\n<p>Online Yoga Kurse erg\u00e4nzen unser Pr\u00e4senzangebot.<\/p>\n\n\n\n<p>Das bedeutet, dass ich vor meinem Laptop Yoga gut sichtbar f\u00fcr meine Zoom-Teilnehmer anleite, w\u00e4hrend wenige Teilnehmer im gleichen Studio pr\u00e4sent am Unterricht teilnehmen.<\/p>\n\n\n\n<p>Inzwischen wurde Zoom gut angenommen, da es einige Vorteile gegen\u00fcber Pr\u00e4senz-Yoga hat:<\/p>\n\n\n\n<ul class=\"wp-block-list\"><li>Keine langen An- und Abreisen<\/li><li>Einzelne Teilnehmer haben die M\u00f6glichkeit, den Unterricht bei terminlichen \u00dcberschneidungen zu unterbrechen<\/li><li>Die Teilnehmer haben jederzeit die M\u00f6glichkeit, sich w\u00e4hrend des Unterrichts mit R\u00fcckfragen an mich zu wenden<\/li><li>Ich habe die M\u00f6glichkeit, das Konzept jeder Yogastunde an die Bed\u00fcrfnisse meiner TN anzupassen<\/li><li>Die Kurstage, an denen teilgenommen werden kann, sind frei w\u00e4hlbar aufgrund der bei Zoom-Teilnahme unbegrenzten Raumkapazit\u00e4t.<\/li><\/ul>\n\n\n\n<p><\/p>\n\n\n\n<p>Viele meiner Teilnehmer haben sich auch deshalb f\u00fcr den Unterricht per Zoom entschieden, weil sie den Kurstag aufgrund der erh\u00f6hten Raumkapazit\u00e4t bei Zoom praktisch frei w\u00e4hlen k\u00f6nnen.<\/p>\n\n\n\n<p>Neuen Teilnehmer, die noch wenig oder gar keine Erfahrung mit Yoga gemacht haben, empfehle ich Pr\u00e4senz-Yoga an mindestens 3-4 Kurstagen, da sich komplexe Haltungen, Bewegungsabl\u00e4ufe, Pranayama und Meditation besser vor Ort erkl\u00e4ren lassen und ich Hilfestellung anbieten kann.<\/p>\n\n\n\n<p>Grunds\u00e4tzlich erm\u00f6gliche ich allen am Yoga interessierten Menschen, an 1 bis 2 Kursstunden kostenlos am Unterricht teilzunehmen, um eine direkte Erfahrung mit meinem Yoga-Stil machen zu k\u00f6nnen.<\/p>\n\n\n\n<p>Weitere Online-Kurse mit dem Schwerpunkt Pers\u00f6nlichkeitsentfaltung und Vermittlung von Inhalten rund um das Thema Achtsamkeit sind in Planung.<\/p>\n\n\n\n<p>Aufgrund der Corona-Pandemie und der damit verbundenen Verhaltensregeln d\u00fcrfen Yoga-Kurse nur mit einer eingeschr\u00e4nkten Zahl an Teilnehmern und Teilnehmerinnen im Pr\u00e4senzunterricht durchgef\u00fchrt werden. Damit alle meine Yoga-Teilnehmer\/-innen in der gewohnten Weise Yoga praktizieren k\u00f6nnen, wurde das Online Angebot noch weiter ausgebaut. Ich biete seit Beginn der Pandemie jedem Teilnehmer und jeder Teilnehmerin an, flexibel zwischen Pr\u00e4senz-Yoga und Yoga per Zoom, unter Beachtung der erlaubten Pr\u00e4senzkapazit\u00e4ten, frei zu w\u00e4hlen. So kann jederzeit auf die aktuelle Situation reagiert werden.<\/p>\n\n\n\n<p>Die Teilnahmebedingungen sowie Kosten entsprechen dem normalen Yoga Kursangebot.<\/p>\n\n\n\n<p><br><\/p>\n","protected":false},"excerpt":{"rendered":"<p>Online Yoga Kurse erg\u00e4nzen unser Pr\u00e4senzangebot. Das bedeutet, dass ich vor meinem Laptop Yoga gut sichtbar f\u00fcr meine Zoom-Teilnehmer anleite, w\u00e4hrend wenige Teilnehmer im gleichen Studio pr\u00e4sent am Unterricht teilnehmen. Inzwischen wurde Zoom gut angenommen, da es einige Vorteile gegen\u00fcber Pr\u00e4senz-Yoga hat: Keine langen An- und Abreisen Einzelne Teilnehmer haben die M\u00f6glichkeit, den Unterricht bei [&hellip;]<\/p>\n","protected":false},"author":1,"featured_media":0,"parent":0,"menu_order":0,"comment_status":"closed","ping_status":"closed","template":"","meta":{"csbAdvScrollBarCursor":"","footnotes":""},"class_list":["post-367","page","type-page","status-publish","hentry"],"yoast_head":"<!-- This site is optimized with the Yoast SEO plugin v27.3 - https:\/\/yoast.com\/product\/yoast-seo-wordpress\/ -->\n<title>Online-Angebote - Therapiestudio Solingen<\/title>\n<meta name=\"robots\" content=\"index, follow, max-snippet:-1, max-image-preview:large, max-video-preview:-1\" \/>\n<link rel=\"canonical\" href=\"https:\/\/therapiestudio-solingen.de\/index.php\/online-angebote\/\" \/>\n<meta property=\"og:locale\" content=\"de_DE\" \/>\n<meta property=\"og:type\" content=\"article\" \/>\n<meta property=\"og:title\" content=\"Online-Angebote - Therapiestudio Solingen\" \/>\n<meta property=\"og:description\" content=\"Online Yoga Kurse erg\u00e4nzen unser Pr\u00e4senzangebot. Das bedeutet, dass ich vor meinem Laptop Yoga gut sichtbar f\u00fcr meine Zoom-Teilnehmer anleite, w\u00e4hrend wenige Teilnehmer im gleichen Studio pr\u00e4sent am Unterricht teilnehmen. Inzwischen wurde Zoom gut angenommen, da es einige Vorteile gegen\u00fcber Pr\u00e4senz-Yoga hat: Keine langen An- und Abreisen Einzelne Teilnehmer haben die M\u00f6glichkeit, den Unterricht bei [&hellip;]\" \/>\n<meta property=\"og:url\" content=\"https:\/\/therapiestudio-solingen.de\/index.php\/online-angebote\/\" \/>\n<meta property=\"og:site_name\" content=\"Therapiestudio Solingen\" \/>\n<meta property=\"article:modified_time\" content=\"2020-10-31T16:18:27+00:00\" \/>\n<meta name=\"twitter:card\" content=\"summary_large_image\" \/>\n<script type=\"application\/ld+json\" class=\"yoast-schema-graph\">{\"@context\":\"https:\\\/\\\/schema.org\",\"@graph\":[{\"@type\":\"WebPage\",\"@id\":\"https:\\\/\\\/therapiestudio-solingen.de\\\/index.php\\\/online-angebote\\\/\",\"url\":\"https:\\\/\\\/therapiestudio-solingen.de\\\/index.php\\\/online-angebote\\\/\",\"name\":\"Online-Angebote - Therapiestudio Solingen\",\"isPartOf\":{\"@id\":\"https:\\\/\\\/therapiestudio-solingen.de\\\/#website\"},\"datePublished\":\"2020-10-26T17:34:49+00:00\",\"dateModified\":\"2020-10-31T16:18:27+00:00\",\"breadcrumb\":{\"@id\":\"https:\\\/\\\/therapiestudio-solingen.de\\\/index.php\\\/online-angebote\\\/#breadcrumb\"},\"inLanguage\":\"de\",\"potentialAction\":[{\"@type\":\"ReadAction\",\"target\":[\"https:\\\/\\\/therapiestudio-solingen.de\\\/index.php\\\/online-angebote\\\/\"]}]},{\"@type\":\"BreadcrumbList\",\"@id\":\"https:\\\/\\\/therapiestudio-solingen.de\\\/index.php\\\/online-angebote\\\/#breadcrumb\",\"itemListElement\":[{\"@type\":\"ListItem\",\"position\":1,\"name\":\"Startseite\",\"item\":\"https:\\\/\\\/therapiestudio-solingen.de\\\/\"},{\"@type\":\"ListItem\",\"position\":2,\"name\":\"Online-Angebote\"}]},{\"@type\":\"WebSite\",\"@id\":\"https:\\\/\\\/therapiestudio-solingen.de\\\/#website\",\"url\":\"https:\\\/\\\/therapiestudio-solingen.de\\\/\",\"name\":\"Therapiestudio Solingen\",\"description\":\"Ihr Studio f\u00fcr Achtsamkeits-Yoga, Psychotherapie HeilPrG und MBSR\",\"potentialAction\":[{\"@type\":\"SearchAction\",\"target\":{\"@type\":\"EntryPoint\",\"urlTemplate\":\"https:\\\/\\\/therapiestudio-solingen.de\\\/?s={search_term_string}\"},\"query-input\":{\"@type\":\"PropertyValueSpecification\",\"valueRequired\":true,\"valueName\":\"search_term_string\"}}],\"inLanguage\":\"de\"}]}<\/script>\n<!-- \/ Yoast SEO plugin. -->","yoast_head_json":{"title":"Online-Angebote - Therapiestudio Solingen","robots":{"index":"index","follow":"follow","max-snippet":"max-snippet:-1","max-image-preview":"max-image-preview:large","max-video-preview":"max-video-preview:-1"},"canonical":"https:\/\/therapiestudio-solingen.de\/index.php\/online-angebote\/","og_locale":"de_DE","og_type":"article","og_title":"Online-Angebote - Therapiestudio Solingen","og_description":"Online Yoga Kurse erg\u00e4nzen unser Pr\u00e4senzangebot. Das bedeutet, dass ich vor meinem Laptop Yoga gut sichtbar f\u00fcr meine Zoom-Teilnehmer anleite, w\u00e4hrend wenige Teilnehmer im gleichen Studio pr\u00e4sent am Unterricht teilnehmen. Inzwischen wurde Zoom gut angenommen, da es einige Vorteile gegen\u00fcber Pr\u00e4senz-Yoga hat: Keine langen An- und Abreisen Einzelne Teilnehmer haben die M\u00f6glichkeit, den Unterricht bei [&hellip;]","og_url":"https:\/\/therapiestudio-solingen.de\/index.php\/online-angebote\/","og_site_name":"Therapiestudio Solingen","article_modified_time":"2020-10-31T16:18:27+00:00","twitter_card":"summary_large_image","schema":{"@context":"https:\/\/schema.org","@graph":[{"@type":"WebPage","@id":"https:\/\/therapiestudio-solingen.de\/index.php\/online-angebote\/","url":"https:\/\/therapiestudio-solingen.de\/index.php\/online-angebote\/","name":"Online-Angebote - Therapiestudio Solingen","isPartOf":{"@id":"https:\/\/therapiestudio-solingen.de\/#website"},"datePublished":"2020-10-26T17:34:49+00:00","dateModified":"2020-10-31T16:18:27+00:00","breadcrumb":{"@id":"https:\/\/therapiestudio-solingen.de\/index.php\/online-angebote\/#breadcrumb"},"inLanguage":"de","potentialAction":[{"@type":"ReadAction","target":["https:\/\/therapiestudio-solingen.de\/index.php\/online-angebote\/"]}]},{"@type":"BreadcrumbList","@id":"https:\/\/therapiestudio-solingen.de\/index.php\/online-angebote\/#breadcrumb","itemListElement":[{"@type":"ListItem","position":1,"name":"Startseite","item":"https:\/\/therapiestudio-solingen.de\/"},{"@type":"ListItem","position":2,"name":"Online-Angebote"}]},{"@type":"WebSite","@id":"https:\/\/therapiestudio-solingen.de\/#website","url":"https:\/\/therapiestudio-solingen.de\/","name":"Therapiestudio Solingen","description":"Ihr Studio f\u00fcr Achtsamkeits-Yoga, Psychotherapie HeilPrG und MBSR","potentialAction":[{"@type":"SearchAction","target":{"@type":"EntryPoint","urlTemplate":"https:\/\/therapiestudio-solingen.de\/?s={search_term_string}"},"query-input":{"@type":"PropertyValueSpecification","valueRequired":true,"valueName":"search_term_string"}}],"inLanguage":"de"}]}},"_links":{"self":[{"href":"https:\/\/therapiestudio-solingen.de\/index.php\/wp-json\/wp\/v2\/pages\/367","targetHints":{"allow":["GET"]}}],"collection":[{"href":"https:\/\/therapiestudio-solingen.de\/index.php\/wp-json\/wp\/v2\/pages"}],"about":[{"href":"https:\/\/therapiestudio-solingen.de\/index.php\/wp-json\/wp\/v2\/types\/page"}],"author":[{"embeddable":true,"href":"https:\/\/therapiestudio-solingen.de\/index.php\/wp-json\/wp\/v2\/users\/1"}],"replies":[{"embeddable":true,"href":"https:\/\/therapiestudio-solingen.de\/index.php\/wp-json\/wp\/v2\/comments?post=367"}],"version-history":[{"count":9,"href":"https:\/\/therapiestudio-solingen.de\/index.php\/wp-json\/wp\/v2\/pages\/367\/revisions"}],"predecessor-version":[{"id":409,"href":"https:\/\/therapiestudio-solingen.de\/index.php\/wp-json\/wp\/v2\/pages\/367\/revisions\/409"}],"wp:attachment":[{"href":"https:\/\/therapiestudio-solingen.de\/index.php\/wp-json\/wp\/v2\/media?parent=367"}],"curies":[{"name":"wp","href":"https:\/\/api.w.org\/{rel}","templated":true}]}}