{"id":201,"date":"2020-10-22T12:21:43","date_gmt":"2020-10-22T10:21:43","guid":{"rendered":"http:\/\/therapiestudio-solingen.de\/?page_id=201"},"modified":"2020-11-08T17:16:53","modified_gmt":"2020-11-08T16:16:53","slug":"homepage","status":"publish","type":"page","link":"https:\/\/therapiestudio-solingen.de\/","title":{"rendered":"Das Therapiestudio f\u00fcr K\u00f6rper und Geist"},"content":{"rendered":"\n<p><\/p>\n\n\n\n<h1 class=\"wp-block-heading\">Das Therapiestudio f\u00fcr K\u00f6rper und Geist<\/h1>\n\n\n\n<h2 class=\"wp-block-heading\">Bei uns finden Sie Angebote zu den Bereichen Achtsamkeits-Yoga, Psychotherapie HeilPrG und MBSR.<\/h2>\n\n\n\n<div class=\"wp-block-group\"><div class=\"wp-block-group__inner-container is-layout-flow wp-block-group-is-layout-flow\">\n<div class=\"wp-block-columns are-vertically-aligned-center is-layout-flex wp-container-core-columns-is-layout-9d6595d7 wp-block-columns-is-layout-flex\">\n<div class=\"wp-block-column is-vertically-aligned-center is-layout-flow wp-block-column-is-layout-flow\">\n<figure class=\"wp-block-image size-large is-resized is-style-default\"><img loading=\"lazy\" decoding=\"async\" src=\"https:\/\/therapiestudio-solingen.de\/wp-content\/uploads\/2020\/10\/sunrise-3848628_640-edited.jpg\" alt=\"\" class=\"wp-image-376\" width=\"400\" height=\"264\"\/><\/figure>\n\n\n\n<h3 class=\"wp-block-heading\"><strong>Achtsamkeits-Yoga<\/strong><\/h3>\n\n\n\n<p><strong>Yoga f\u00fcr K\u00f6rper uns Seele<\/strong><\/p>\n\n\n\n<div class=\"wp-block-buttons is-layout-flex wp-block-buttons-is-layout-flex\">\n<div class=\"wp-block-button\"><a class=\"wp-block-button__link\" href=\"https:\/\/therapiestudio-solingen.de\/index.php\/achtsamkeits-yoga\/\" style=\"border-radius:25px\">Weiterlesen<\/a><\/div>\n<\/div>\n\n\n\n<p><\/p>\n\n\n\n<figure class=\"wp-block-image size-large is-resized\"><img decoding=\"async\" src=\"https:\/\/therapiestudio-solingen.de\/wp-content\/uploads\/2020\/11\/mind_body_soul.png\" alt=\"\" class=\"wp-image-455\" height=\"264\" srcset=\"https:\/\/therapiestudio-solingen.de\/wp-content\/uploads\/2020\/11\/mind_body_soul.png 400w, https:\/\/therapiestudio-solingen.de\/wp-content\/uploads\/2020\/11\/mind_body_soul-300x200.png 300w\" sizes=\"(max-width: 400px) 100vw, 400px\" \/><\/figure>\n\n\n\n<h3 class=\"wp-block-heading\"><strong>MBSR<\/strong><\/h3>\n\n\n\n<p><strong>achtsamkeitsbasierte Stressbew\u00e4ltigung <\/strong><\/p>\n\n\n\n<div class=\"wp-block-buttons is-layout-flex wp-block-buttons-is-layout-flex\">\n<div class=\"wp-block-button\"><a class=\"wp-block-button__link\" href=\"https:\/\/therapiestudio-solingen.de\/index.php\/mbsr\/\" style=\"border-radius:25px\">Weiterlesen<\/a><\/div>\n<\/div>\n\n\n\n<p><\/p>\n<\/div>\n\n\n\n<div class=\"wp-block-column is-vertically-aligned-center is-layout-flow wp-block-column-is-layout-flow\">\n<figure class=\"wp-block-image size-large is-resized\"><img decoding=\"async\" src=\"https:\/\/therapiestudio-solingen.de\/wp-content\/uploads\/2020\/11\/Psychology.png\" alt=\"\" class=\"wp-image-453\" height=\"264\" srcset=\"https:\/\/therapiestudio-solingen.de\/wp-content\/uploads\/2020\/11\/Psychology.png 400w, https:\/\/therapiestudio-solingen.de\/wp-content\/uploads\/2020\/11\/Psychology-300x201.png 300w\" sizes=\"(max-width: 400px) 100vw, 400px\" \/><\/figure>\n\n\n\n<h3 class=\"wp-block-heading\"><strong>Psychotherapie HeilPrG \/ Coaching<\/strong><\/h3>\n\n\n\n<p><strong>Wenn die Seele Hilfe oder Beratung braucht<\/strong><\/p>\n\n\n\n<div class=\"wp-block-buttons is-layout-flex wp-block-buttons-is-layout-flex\">\n<div class=\"wp-block-button\"><a class=\"wp-block-button__link\" href=\"https:\/\/therapiestudio-solingen.de\/index.php\/psychotherapie-hpg\/\" style=\"border-radius:25px\">Weiterlesen<\/a><\/div>\n<\/div>\n\n\n\n<p><\/p>\n\n\n\n<figure class=\"wp-block-image size-large is-resized\"><img decoding=\"async\" src=\"https:\/\/therapiestudio-solingen.de\/wp-content\/uploads\/2020\/11\/online_yoga.png\" alt=\"\" class=\"wp-image-457\" height=\"264\" srcset=\"https:\/\/therapiestudio-solingen.de\/wp-content\/uploads\/2020\/11\/online_yoga.png 400w, https:\/\/therapiestudio-solingen.de\/wp-content\/uploads\/2020\/11\/online_yoga-300x194.png 300w\" sizes=\"(max-width: 400px) 100vw, 400px\" \/><\/figure>\n\n\n\n<h3 class=\"wp-block-heading\"><strong>Online Angebote<\/strong><\/h3>\n\n\n\n<p><strong>Die moderne Kursform<\/strong><\/p>\n\n\n\n<div class=\"wp-block-buttons is-layout-flex wp-block-buttons-is-layout-flex\">\n<div class=\"wp-block-button\"><a class=\"wp-block-button__link\" href=\"https:\/\/therapiestudio-solingen.de\/index.php\/online-angebote\/\">Weiterlesen<\/a><\/div>\n<\/div>\n\n\n\n<p><\/p>\n<\/div>\n<\/div>\n<\/div><\/div>\n\n\n\n<p><\/p>\n","protected":false},"excerpt":{"rendered":"<p>Das Therapiestudio f\u00fcr K\u00f6rper und Geist Bei uns finden Sie Angebote zu den Bereichen Achtsamkeits-Yoga, Psychotherapie HeilPrG und MBSR. Achtsamkeits-Yoga Yoga f\u00fcr K\u00f6rper uns Seele MBSR achtsamkeitsbasierte Stressbew\u00e4ltigung Psychotherapie HeilPrG \/ Coaching Wenn die Seele Hilfe oder Beratung braucht Online Angebote Die moderne Kursform<\/p>\n","protected":false},"author":1,"featured_media":0,"parent":0,"menu_order":0,"comment_status":"closed","ping_status":"closed","template":"page-template\/custom-home-page.php","meta":{"csbAdvScrollBarCursor":"","footnotes":""},"class_list":["post-201","page","type-page","status-publish","hentry"],"yoast_head":"<!-- This site is optimized with the Yoast SEO plugin v27.3 - https:\/\/yoast.com\/product\/yoast-seo-wordpress\/ -->\n<title>Das Therapiestudio f\u00fcr K\u00f6rper und Geist - Therapiestudio Solingen<\/title>\n<meta name=\"robots\" content=\"index, follow, max-snippet:-1, max-image-preview:large, max-video-preview:-1\" \/>\n<link rel=\"canonical\" href=\"https:\/\/therapiestudio-solingen.de\/\" \/>\n<meta property=\"og:locale\" content=\"de_DE\" \/>\n<meta property=\"og:type\" content=\"article\" \/>\n<meta property=\"og:title\" content=\"Das Therapiestudio f\u00fcr K\u00f6rper und Geist - Therapiestudio Solingen\" \/>\n<meta property=\"og:description\" content=\"Das Therapiestudio f\u00fcr K\u00f6rper und Geist Bei uns finden Sie Angebote zu den Bereichen Achtsamkeits-Yoga, Psychotherapie HeilPrG und MBSR. Achtsamkeits-Yoga Yoga f\u00fcr K\u00f6rper uns Seele MBSR achtsamkeitsbasierte Stressbew\u00e4ltigung Psychotherapie HeilPrG \/ Coaching Wenn die Seele Hilfe oder Beratung braucht Online Angebote Die moderne Kursform\" \/>\n<meta property=\"og:url\" content=\"https:\/\/therapiestudio-solingen.de\/\" \/>\n<meta property=\"og:site_name\" content=\"Therapiestudio Solingen\" \/>\n<meta property=\"article:modified_time\" content=\"2020-11-08T16:16:53+00:00\" \/>\n<meta property=\"og:image\" content=\"https:\/\/therapiestudio-solingen.de\/wp-content\/uploads\/2020\/10\/sunrise-3848628_640-edited.jpg\" \/>\n<meta name=\"twitter:card\" content=\"summary_large_image\" \/>\n<script type=\"application\/ld+json\" class=\"yoast-schema-graph\">{\"@context\":\"https:\\\/\\\/schema.org\",\"@graph\":[{\"@type\":\"WebPage\",\"@id\":\"https:\\\/\\\/therapiestudio-solingen.de\\\/\",\"url\":\"https:\\\/\\\/therapiestudio-solingen.de\\\/\",\"name\":\"Das Therapiestudio f\u00fcr K\u00f6rper und Geist - Therapiestudio Solingen\",\"isPartOf\":{\"@id\":\"https:\\\/\\\/therapiestudio-solingen.de\\\/#website\"},\"primaryImageOfPage\":{\"@id\":\"https:\\\/\\\/therapiestudio-solingen.de\\\/#primaryimage\"},\"image\":{\"@id\":\"https:\\\/\\\/therapiestudio-solingen.de\\\/#primaryimage\"},\"thumbnailUrl\":\"https:\\\/\\\/therapiestudio-solingen.de\\\/wp-content\\\/uploads\\\/2020\\\/10\\\/sunrise-3848628_640-edited.jpg\",\"datePublished\":\"2020-10-22T10:21:43+00:00\",\"dateModified\":\"2020-11-08T16:16:53+00:00\",\"breadcrumb\":{\"@id\":\"https:\\\/\\\/therapiestudio-solingen.de\\\/#breadcrumb\"},\"inLanguage\":\"de\",\"potentialAction\":[{\"@type\":\"ReadAction\",\"target\":[\"https:\\\/\\\/therapiestudio-solingen.de\\\/\"]}]},{\"@type\":\"ImageObject\",\"inLanguage\":\"de\",\"@id\":\"https:\\\/\\\/therapiestudio-solingen.de\\\/#primaryimage\",\"url\":\"https:\\\/\\\/therapiestudio-solingen.de\\\/wp-content\\\/uploads\\\/2020\\\/10\\\/sunrise-3848628_640-edited.jpg\",\"contentUrl\":\"https:\\\/\\\/therapiestudio-solingen.de\\\/wp-content\\\/uploads\\\/2020\\\/10\\\/sunrise-3848628_640-edited.jpg\"},{\"@type\":\"BreadcrumbList\",\"@id\":\"https:\\\/\\\/therapiestudio-solingen.de\\\/#breadcrumb\",\"itemListElement\":[{\"@type\":\"ListItem\",\"position\":1,\"name\":\"Startseite\",\"item\":\"https:\\\/\\\/therapiestudio-solingen.de\\\/\"},{\"@type\":\"ListItem\",\"position\":2,\"name\":\"Das Therapiestudio f\u00fcr K\u00f6rper und Geist\"}]},{\"@type\":\"WebSite\",\"@id\":\"https:\\\/\\\/therapiestudio-solingen.de\\\/#website\",\"url\":\"https:\\\/\\\/therapiestudio-solingen.de\\\/\",\"name\":\"Therapiestudio Solingen\",\"description\":\"Ihr Studio f\u00fcr Achtsamkeits-Yoga, Psychotherapie HeilPrG und MBSR\",\"potentialAction\":[{\"@type\":\"SearchAction\",\"target\":{\"@type\":\"EntryPoint\",\"urlTemplate\":\"https:\\\/\\\/therapiestudio-solingen.de\\\/?s={search_term_string}\"},\"query-input\":{\"@type\":\"PropertyValueSpecification\",\"valueRequired\":true,\"valueName\":\"search_term_string\"}}],\"inLanguage\":\"de\"}]}<\/script>\n<!-- \/ Yoast SEO plugin. -->","yoast_head_json":{"title":"Das Therapiestudio f\u00fcr K\u00f6rper und Geist - Therapiestudio Solingen","robots":{"index":"index","follow":"follow","max-snippet":"max-snippet:-1","max-image-preview":"max-image-preview:large","max-video-preview":"max-video-preview:-1"},"canonical":"https:\/\/therapiestudio-solingen.de\/","og_locale":"de_DE","og_type":"article","og_title":"Das Therapiestudio f\u00fcr K\u00f6rper und Geist - Therapiestudio Solingen","og_description":"Das Therapiestudio f\u00fcr K\u00f6rper und Geist Bei uns finden Sie Angebote zu den Bereichen Achtsamkeits-Yoga, Psychotherapie HeilPrG und MBSR. Achtsamkeits-Yoga Yoga f\u00fcr K\u00f6rper uns Seele MBSR achtsamkeitsbasierte Stressbew\u00e4ltigung Psychotherapie HeilPrG \/ Coaching Wenn die Seele Hilfe oder Beratung braucht Online Angebote Die moderne Kursform","og_url":"https:\/\/therapiestudio-solingen.de\/","og_site_name":"Therapiestudio Solingen","article_modified_time":"2020-11-08T16:16:53+00:00","og_image":[{"url":"https:\/\/therapiestudio-solingen.de\/wp-content\/uploads\/2020\/10\/sunrise-3848628_640-edited.jpg","type":"","width":"","height":""}],"twitter_card":"summary_large_image","schema":{"@context":"https:\/\/schema.org","@graph":[{"@type":"WebPage","@id":"https:\/\/therapiestudio-solingen.de\/","url":"https:\/\/therapiestudio-solingen.de\/","name":"Das Therapiestudio f\u00fcr K\u00f6rper und Geist - Therapiestudio Solingen","isPartOf":{"@id":"https:\/\/therapiestudio-solingen.de\/#website"},"primaryImageOfPage":{"@id":"https:\/\/therapiestudio-solingen.de\/#primaryimage"},"image":{"@id":"https:\/\/therapiestudio-solingen.de\/#primaryimage"},"thumbnailUrl":"https:\/\/therapiestudio-solingen.de\/wp-content\/uploads\/2020\/10\/sunrise-3848628_640-edited.jpg","datePublished":"2020-10-22T10:21:43+00:00","dateModified":"2020-11-08T16:16:53+00:00","breadcrumb":{"@id":"https:\/\/therapiestudio-solingen.de\/#breadcrumb"},"inLanguage":"de","potentialAction":[{"@type":"ReadAction","target":["https:\/\/therapiestudio-solingen.de\/"]}]},{"@type":"ImageObject","inLanguage":"de","@id":"https:\/\/therapiestudio-solingen.de\/#primaryimage","url":"https:\/\/therapiestudio-solingen.de\/wp-content\/uploads\/2020\/10\/sunrise-3848628_640-edited.jpg","contentUrl":"https:\/\/therapiestudio-solingen.de\/wp-content\/uploads\/2020\/10\/sunrise-3848628_640-edited.jpg"},{"@type":"BreadcrumbList","@id":"https:\/\/therapiestudio-solingen.de\/#breadcrumb","itemListElement":[{"@type":"ListItem","position":1,"name":"Startseite","item":"https:\/\/therapiestudio-solingen.de\/"},{"@type":"ListItem","position":2,"name":"Das Therapiestudio f\u00fcr K\u00f6rper und Geist"}]},{"@type":"WebSite","@id":"https:\/\/therapiestudio-solingen.de\/#website","url":"https:\/\/therapiestudio-solingen.de\/","name":"Therapiestudio Solingen","description":"Ihr Studio f\u00fcr Achtsamkeits-Yoga, Psychotherapie HeilPrG und MBSR","potentialAction":[{"@type":"SearchAction","target":{"@type":"EntryPoint","urlTemplate":"https:\/\/therapiestudio-solingen.de\/?s={search_term_string}"},"query-input":{"@type":"PropertyValueSpecification","valueRequired":true,"valueName":"search_term_string"}}],"inLanguage":"de"}]}},"_links":{"self":[{"href":"https:\/\/therapiestudio-solingen.de\/index.php\/wp-json\/wp\/v2\/pages\/201","targetHints":{"allow":["GET"]}}],"collection":[{"href":"https:\/\/therapiestudio-solingen.de\/index.php\/wp-json\/wp\/v2\/pages"}],"about":[{"href":"https:\/\/therapiestudio-solingen.de\/index.php\/wp-json\/wp\/v2\/types\/page"}],"author":[{"embeddable":true,"href":"https:\/\/therapiestudio-solingen.de\/index.php\/wp-json\/wp\/v2\/users\/1"}],"replies":[{"embeddable":true,"href":"https:\/\/therapiestudio-solingen.de\/index.php\/wp-json\/wp\/v2\/comments?post=201"}],"version-history":[{"count":7,"href":"https:\/\/therapiestudio-solingen.de\/index.php\/wp-json\/wp\/v2\/pages\/201\/revisions"}],"predecessor-version":[{"id":475,"href":"https:\/\/therapiestudio-solingen.de\/index.php\/wp-json\/wp\/v2\/pages\/201\/revisions\/475"}],"wp:attachment":[{"href":"https:\/\/therapiestudio-solingen.de\/index.php\/wp-json\/wp\/v2\/media?parent=201"}],"curies":[{"name":"wp","href":"https:\/\/api.w.org\/{rel}","templated":true}]}}